{"id":102,"date":"2023-12-11T23:47:53","date_gmt":"2023-12-11T22:47:53","guid":{"rendered":"https:\/\/jbs-cvd.de\/wordpress\/?page_id=102"},"modified":"2023-12-11T23:47:53","modified_gmt":"2023-12-11T22:47:53","slug":"presse","status":"publish","type":"page","link":"https:\/\/jbs-cvd.de\/wordpress\/presse\/","title":{"rendered":"Presse"},"content":{"rendered":"<p>Die jungeB\u00fcrgerstiftung am Christian-von-Dohm-Gymnasium (CvD) in Goslar sorgt f\u00fcr Aufsehen in der lokalen Presse!<\/p>\n<p>Hier sind die neuesten Artikel, die \u00fcber unsere spannenden Projekte und vielf\u00e4ltigen Initiativen berichten:<\/p>\n<p>&nbsp;<\/p>\n","protected":false},"excerpt":{"rendered":"<p>Die jungeB\u00fcrgerstiftung am Christian-von-Dohm-Gymnasium (CvD) in Goslar sorgt f\u00fcr Aufsehen in der lokalen Presse! Hier sind die neuesten Artikel, die \u00fcber unsere spannenden Projekte und vielf\u00e4ltigen Initiativen berichten: &nbsp;<\/p>\n","protected":false},"author":1,"featured_media":0,"parent":0,"menu_order":0,"comment_status":"closed","ping_status":"closed","template":"","meta":{"footnotes":""},"class_list":["post-102","page","type-page","status-publish","hentry"],"_links":{"self":[{"href":"https:\/\/jbs-cvd.de\/wordpress\/wp-json\/wp\/v2\/pages\/102","targetHints":{"allow":["GET"]}}],"collection":[{"href":"https:\/\/jbs-cvd.de\/wordpress\/wp-json\/wp\/v2\/pages"}],"about":[{"href":"https:\/\/jbs-cvd.de\/wordpress\/wp-json\/wp\/v2\/types\/page"}],"author":[{"embeddable":true,"href":"https:\/\/jbs-cvd.de\/wordpress\/wp-json\/wp\/v2\/users\/1"}],"replies":[{"embeddable":true,"href":"https:\/\/jbs-cvd.de\/wordpress\/wp-json\/wp\/v2\/comments?post=102"}],"version-history":[{"count":1,"href":"https:\/\/jbs-cvd.de\/wordpress\/wp-json\/wp\/v2\/pages\/102\/revisions"}],"predecessor-version":[{"id":103,"href":"https:\/\/jbs-cvd.de\/wordpress\/wp-json\/wp\/v2\/pages\/102\/revisions\/103"}],"wp:attachment":[{"href":"https:\/\/jbs-cvd.de\/wordpress\/wp-json\/wp\/v2\/media?parent=102"}],"curies":[{"name":"wp","href":"https:\/\/api.w.org\/{rel}","templated":true}]}}