{"id":30,"date":"2023-12-10T18:58:41","date_gmt":"2023-12-10T17:58:41","guid":{"rendered":"http:\/\/jbs-cvd.de\/wordpress\/?page_id=30"},"modified":"2023-12-11T23:59:54","modified_gmt":"2023-12-11T22:59:54","slug":"die-jbs-am-cvd","status":"publish","type":"page","link":"https:\/\/jbs-cvd.de\/wordpress\/die-jbs-am-cvd\/","title":{"rendered":"Die jBS am CvD"},"content":{"rendered":"<p>Herzlich willkommen auf der Homepage der jungenB\u00fcrgerstiftung am CvD \u2013 der neugegr\u00fcndeten Jugendgruppe der B\u00fcrgerstiftung f\u00fcr Goslar und Umgebung! Wir sind begeistert, euch mitteilen zu d\u00fcrfen, dass die B\u00fcrgerstiftung uns ab sofort finanzielle Mittel zur Verf\u00fcgung stellt, um nachhaltige Projekte an unserer Schule und in der Umgebung zu unterst\u00fctzen.<\/p>\n<p><strong>Nachhaltigkeit f\u00fcr eine lebenswerte Zukunft<\/strong><\/p>\n<p>Unser Ziel ist es, die Schulerschaft dazu zu ermutigen, Projekte ins Leben zu rufen, die langfristig einen positiven Einfluss auf das Schulleben haben und dabei die Prinzipien der Nachhaltigkeit in den Fokus r\u00fccken. Egal ob als Arbeitsgemeinschaft, Klasse, Jahrgang, Gruppe oder einzelne Sch\u00fclerinnen und Sch\u00fcler \u2013 jeder ist eingeladen, kreative Ideen zu entwickeln und Antr\u00e4ge f\u00fcr die Umsetzung seiner Projekte einzureichen.<\/p>\n<p><strong>Wie k\u00f6nnt ihr teilnehmen?<\/strong><\/p>\n<p>Auf unserer Homepage findet ihr das entsprechende Antragsformular, das ihr direkt ausf\u00fcllen und an uns senden k\u00f6nnt. Der Prozess ist einfach und transparent. Der Vorstand der jungenB\u00fcrgerstiftung am CvD wird dann alle eingehenden Antr\u00e4ge sorgf\u00e4ltig pr\u00fcfen und dar\u00fcber beraten.<\/p>\n<p><strong>Unser Vorstand im Blickpunkt<\/strong><\/p>\n<p>Die Entscheidung \u00fcber die Genehmigung eurer Antr\u00e4ge liegt in den H\u00e4nden unseres engagierten Vorstandes. Ihr Einsatz und ihre Leidenschaft f\u00fcr nachhaltige Initiativen sind der Motor hinter diesem F\u00f6rderprogramm. Ihre Expertise gew\u00e4hrleistet, dass die ausgew\u00e4hlten Projekte nicht nur kurzfristige Erfolge erzielen, sondern auch langfristig das Schulleben und die allgemeine \u00d6ffentlichkeit in der Stadt Goslar positiv beeinflussen.<\/p>\n<p><strong>Transparenz und Gemeinschaftsgeist<\/strong><\/p>\n<p>Die jungeB\u00fcrgerstiftung am CvD legt gro\u00dfen Wert auf Transparenz und den Austausch innerhalb der Sch\u00fclerschaft. Regelm\u00e4\u00dfige Treffen und Veranstaltungen bieten die M\u00f6glichkeit, Erfahrungen auszutauschen und voneinander zu lernen. Gemeinsam k\u00f6nnen wir eine nachhaltige Ver\u00e4nderung bewirken!<\/p>\n<p><strong>Bereit f\u00fcr eure Ideen!<\/strong><\/p>\n<p>Wir sind gespannt auf eure kreativen Projekte, die das Schulleben nachhaltig pr\u00e4gen werden. Die jungeB\u00fcrgerstiftung am CvD freut sich darauf, eure Antr\u00e4ge zu erhalten und gemeinsam mit euch eine lebendige und nachhaltige Schulgemeinschaft zu gestalten.<\/p>\n<p>Gemeinsam f\u00fcr eine lebenswerte Zukunft!<\/p>\n<p>Der Vorstand der jungenB\u00fcrgerstiftung am CvD<\/p>\n","protected":false},"excerpt":{"rendered":"<p>Herzlich willkommen auf der Homepage der jungenB\u00fcrgerstiftung am CvD \u2013 der neugegr\u00fcndeten Jugendgruppe der B\u00fcrgerstiftung f\u00fcr Goslar und Umgebung! Wir sind begeistert, euch mitteilen zu d\u00fcrfen, dass die B\u00fcrgerstiftung uns ab sofort finanzielle Mittel&#46;&#46;&#46;<\/p>\n","protected":false},"author":1,"featured_media":0,"parent":0,"menu_order":0,"comment_status":"closed","ping_status":"closed","template":"","meta":{"footnotes":""},"class_list":["post-30","page","type-page","status-publish","hentry"],"_links":{"self":[{"href":"https:\/\/jbs-cvd.de\/wordpress\/wp-json\/wp\/v2\/pages\/30","targetHints":{"allow":["GET"]}}],"collection":[{"href":"https:\/\/jbs-cvd.de\/wordpress\/wp-json\/wp\/v2\/pages"}],"about":[{"href":"https:\/\/jbs-cvd.de\/wordpress\/wp-json\/wp\/v2\/types\/page"}],"author":[{"embeddable":true,"href":"https:\/\/jbs-cvd.de\/wordpress\/wp-json\/wp\/v2\/users\/1"}],"replies":[{"embeddable":true,"href":"https:\/\/jbs-cvd.de\/wordpress\/wp-json\/wp\/v2\/comments?post=30"}],"version-history":[{"count":8,"href":"https:\/\/jbs-cvd.de\/wordpress\/wp-json\/wp\/v2\/pages\/30\/revisions"}],"predecessor-version":[{"id":111,"href":"https:\/\/jbs-cvd.de\/wordpress\/wp-json\/wp\/v2\/pages\/30\/revisions\/111"}],"wp:attachment":[{"href":"https:\/\/jbs-cvd.de\/wordpress\/wp-json\/wp\/v2\/media?parent=30"}],"curies":[{"name":"wp","href":"https:\/\/api.w.org\/{rel}","templated":true}]}}