{"id":42,"date":"2023-12-10T19:07:46","date_gmt":"2023-12-10T18:07:46","guid":{"rendered":"http:\/\/jbs-cvd.de\/wordpress\/?page_id=42"},"modified":"2023-12-12T12:17:59","modified_gmt":"2023-12-12T11:17:59","slug":"startseite","status":"publish","type":"page","link":"https:\/\/jbs-cvd.de\/wordpress\/","title":{"rendered":"Startseite"},"content":{"rendered":"<p>Liebe Sch\u00fclerinnen und Sch\u00fcler, Lehrkr\u00e4fte, Eltern und alle Interessierten,<\/p>\n<p>wir freuen uns, euch bzw. Sie auf unserer digitalen Plattform begr\u00fc\u00dfen zu d\u00fcrfen \u2013 dem Schaufenster unserer neugegr\u00fcndeten Jugendgruppe der B\u00fcrgerstiftung f\u00fcr Goslar und Umgebung.<\/p>\n<p>Die jungeB\u00fcrgerstiftung am CvD ist mehr als nur eine Initiative; sie ist der Treffpunkt f\u00fcr kreative K\u00f6pfe, engagierte Teams und nachhaltige Visionen an unserer Schule f\u00fcr uns und unsere Mitmenschen.<\/p>\n<p>Gl\u00fcck auf!<\/p>\n","protected":false},"excerpt":{"rendered":"<p>Liebe Sch\u00fclerinnen und Sch\u00fcler, Lehrkr\u00e4fte, Eltern und alle Interessierten, wir freuen uns, euch bzw. Sie auf unserer digitalen Plattform begr\u00fc\u00dfen zu d\u00fcrfen \u2013 dem Schaufenster unserer neugegr\u00fcndeten Jugendgruppe der B\u00fcrgerstiftung f\u00fcr Goslar und Umgebung.&#46;&#46;&#46;<\/p>\n","protected":false},"author":1,"featured_media":0,"parent":0,"menu_order":0,"comment_status":"closed","ping_status":"closed","template":"","meta":{"footnotes":""},"class_list":["post-42","page","type-page","status-publish","hentry"],"_links":{"self":[{"href":"https:\/\/jbs-cvd.de\/wordpress\/wp-json\/wp\/v2\/pages\/42","targetHints":{"allow":["GET"]}}],"collection":[{"href":"https:\/\/jbs-cvd.de\/wordpress\/wp-json\/wp\/v2\/pages"}],"about":[{"href":"https:\/\/jbs-cvd.de\/wordpress\/wp-json\/wp\/v2\/types\/page"}],"author":[{"embeddable":true,"href":"https:\/\/jbs-cvd.de\/wordpress\/wp-json\/wp\/v2\/users\/1"}],"replies":[{"embeddable":true,"href":"https:\/\/jbs-cvd.de\/wordpress\/wp-json\/wp\/v2\/comments?post=42"}],"version-history":[{"count":7,"href":"https:\/\/jbs-cvd.de\/wordpress\/wp-json\/wp\/v2\/pages\/42\/revisions"}],"predecessor-version":[{"id":114,"href":"https:\/\/jbs-cvd.de\/wordpress\/wp-json\/wp\/v2\/pages\/42\/revisions\/114"}],"wp:attachment":[{"href":"https:\/\/jbs-cvd.de\/wordpress\/wp-json\/wp\/v2\/media?parent=42"}],"curies":[{"name":"wp","href":"https:\/\/api.w.org\/{rel}","templated":true}]}}